{"id":3241,"date":"2021-06-08T10:16:14","date_gmt":"2021-06-08T13:16:14","guid":{"rendered":"https:\/\/pbastones.com.br\/?page_id=3241"},"modified":"2024-07-17T08:30:42","modified_gmt":"2024-07-17T11:30:42","slug":"term-of-consent-for-processing-personal-data-newsletter","status":"publish","type":"page","link":"https:\/\/www.pbastones.com.br\/pt\/term-of-consent-for-processing-personal-data-newsletter\/","title":{"rendered":"TERMO DE CONSENTIMENTO PARA TRATAMENTO DE DADOS PESSOAIS \u2013 NEWSLETTER"},"content":{"rendered":"<p>O aceite ao presente TERMO DE CONSENTIMENTO registra a manifesta\u00e7\u00e3o livre, informada e inequ\u00edvoca pela qual o Titular (USU\u00c1RIO) concorda com o tratamento de seus dados pessoais por PBA SERVI\u00c7O E COM\u00c9RCIO DE PEDRAS ORNAMENTAIS LTDA, pessoa jur\u00eddica de direito privado inscrita no CNPJ sob o n\u00famero 07.214.630\/0001-08, com sede na Rodovia Governador M\u00e1rio Covas, n\u00b0 24.607, Calogi, Serra\/ES \u2013 CEP 29180-400 (CONTROLADORA), em conformidade com a Lei 13.709 \u2013 Lei Geral de Prote\u00e7\u00e3o de Dados Pessoais (LGPD), com a finalidade espec\u00edfica de cadastro em nossa lista de e-mail para envio de not\u00edcias, ofertas e promo\u00e7\u00f5es sobre nossos produtos e servi\u00e7os.<\/p>\n\n\n\n<p>A PBA Stones n\u00e3o empresta ou vende os seus dados a terceiros. Poderemos compartilhar seus dados com terceiros apenas para o atingimento dos objetivos para os quais eles foram coletados, como para ferramentas de envio de e-mail, por exemplo.<\/p>\n\n\n\n<p>Caso voc\u00ea n\u00e3o queira mais receber informa\u00e7\u00f5es ou comunicados da PBA Stones, basta clicar no link de descadastramento na pr\u00f3pria mensagem ou voc\u00ea pode ainda entrar em contato conosco a qualquer momento, encaminhando uma mensagem para o endere\u00e7o protecao.dados@pbastones.com.br, solicitando a remo\u00e7\u00e3o de seu endere\u00e7o eletr\u00f4nico de nossa lista. Reservamo-nos o direito de solicitar algumas informa\u00e7\u00f5es complementares para o atendimento \u00e0 demanda, caso enviada por e-mail.<\/p>\n\n\n\n<p>Bem-vindo!<\/p>","protected":false},"excerpt":{"rendered":"<p>The acceptance of this AGREEMENT OF CONSENT registers the free, informed and unequivocal expression by which the Holder (USER) agrees with the treatment of his personal data by PBA SERVI\u00c7O E COM\u00c9RCIO DE PEDRAS ORNAMENTAIS LTDA, a legal entity under private law registered with the CNPJ under the number 07.214.630\/0001-08, headquartered at Rodovia Governador M\u00e1rio [&hellip;]<\/p>","protected":false},"author":1,"featured_media":0,"parent":0,"menu_order":0,"comment_status":"closed","ping_status":"closed","template":"","meta":{"footnotes":""},"class_list":["post-3241","page","type-page","status-publish","hentry"],"_links":{"self":[{"href":"https:\/\/www.pbastones.com.br\/pt\/wp-json\/wp\/v2\/pages\/3241","targetHints":{"allow":["GET"]}}],"collection":[{"href":"https:\/\/www.pbastones.com.br\/pt\/wp-json\/wp\/v2\/pages"}],"about":[{"href":"https:\/\/www.pbastones.com.br\/pt\/wp-json\/wp\/v2\/types\/page"}],"author":[{"embeddable":true,"href":"https:\/\/www.pbastones.com.br\/pt\/wp-json\/wp\/v2\/users\/1"}],"replies":[{"embeddable":true,"href":"https:\/\/www.pbastones.com.br\/pt\/wp-json\/wp\/v2\/comments?post=3241"}],"version-history":[{"count":0,"href":"https:\/\/www.pbastones.com.br\/pt\/wp-json\/wp\/v2\/pages\/3241\/revisions"}],"wp:attachment":[{"href":"https:\/\/www.pbastones.com.br\/pt\/wp-json\/wp\/v2\/media?parent=3241"}],"curies":[{"name":"wp","href":"https:\/\/api.w.org\/{rel}","templated":true}]}}