{"id":3232,"date":"2021-06-08T09:34:30","date_gmt":"2021-06-08T12:34:30","guid":{"rendered":"https:\/\/pbastones.com.br\/?page_id=3232"},"modified":"2021-06-08T09:34:32","modified_gmt":"2021-06-08T12:34:32","slug":"form-of-consent-for-processing-personal-data-contact-us","status":"publish","type":"page","link":"https:\/\/www.pbastones.com.br\/pt\/form-of-consent-for-processing-personal-data-contact-us\/","title":{"rendered":"TERMO DE CONSENTIMENTO PARA TRATAMENTO DE DADOS PESSOAIS \u2013 FALE CONOSCO"},"content":{"rendered":"<p>O aceite ao presente TERMO DE CONSENTIMENTO registra a manifesta\u00e7\u00e3o livre, informada e inequ\u00edvoca pela qual o Titular (USU\u00c1RIO) concorda com o tratamento de seus dados pessoais por PBA SERVI\u00c7O E COM\u00c9RCIO DE PEDRAS ORNAMENTAIS LTDA, pessoa jur\u00eddica de direito privado inscrita no CNPJ sob o n\u00famero 07.214.630\/0001-08, com sede na Rodovia Governador M\u00e1rio Covas, n\u00b0 24.607, Calogi, Serra\/ES \u2013 CEP 29180-400 (CONTROLADORA), em conformidade com a Lei 13.709 \u2013 Lei Geral de Prote\u00e7\u00e3o de Dados Pessoais (LGPD), com a finalidade espec\u00edfica de obter informa\u00e7\u00f5es sobre nossos produtos e servi\u00e7os. A sua solicita\u00e7\u00e3o ser\u00e1 direcionada ao departamento respons\u00e1vel, e poderemos cadastrar seu e-mail em nossa lista de Newsletter para que voc\u00ea fique sempre por dentro de not\u00edcias, ofertas e promo\u00e7\u00f5es sobre nossos produtos e servi\u00e7os.\nA PBA Stones n\u00e3o empresta ou vende os seus dados a terceiros. Poderemos compartilhar seus dados com terceiros apenas para o atingimento dos objetivos para os quais eles foram coletados, como para ferramentas de envio de e-mail, por exemplo.<\/p>\n\n\n\n<p>Queremos que voc\u00ea saiba que os dados que voc\u00ea fornecer neste formul\u00e1rio ser\u00e3o usados para que a PBA Stones processe a sua solicita\u00e7\u00e3o e entre em contato, e para isso precisamos saber seu nome, endere\u00e7o de e-mail e telefone de contato. Voc\u00ea poder\u00e1 informar no texto da mensagem o seu Pa\u00eds, o idioma de sua prefer\u00eancia e a empresa que voc\u00ea representa, e estas informa\u00e7\u00f5es nos permitir\u00e3o uma resposta mais assertiva, pois temos departamentos especializados para cada mercado.<\/p>\n\n\n\n<p>Bem-vindo!<\/p>","protected":false},"excerpt":{"rendered":"<p>The acceptance of this AGREEMENT OF CONSENT registers the free, informed and unequivocal expression by which the Holder (USER) agrees with the treatment of his personal data by PBA SERVI\u00c7O E COM\u00c9RCIO DE PEDRAS ORNAMENTAIS LTDA, a legal entity under private law registered with the CNPJ under the number 07.214.630\/0001-08, headquartered at Rodovia Governador M\u00e1rio [&hellip;]<\/p>","protected":false},"author":1,"featured_media":0,"parent":0,"menu_order":0,"comment_status":"closed","ping_status":"closed","template":"","meta":{"footnotes":""},"class_list":["post-3232","page","type-page","status-publish","hentry"],"_links":{"self":[{"href":"https:\/\/www.pbastones.com.br\/pt\/wp-json\/wp\/v2\/pages\/3232","targetHints":{"allow":["GET"]}}],"collection":[{"href":"https:\/\/www.pbastones.com.br\/pt\/wp-json\/wp\/v2\/pages"}],"about":[{"href":"https:\/\/www.pbastones.com.br\/pt\/wp-json\/wp\/v2\/types\/page"}],"author":[{"embeddable":true,"href":"https:\/\/www.pbastones.com.br\/pt\/wp-json\/wp\/v2\/users\/1"}],"replies":[{"embeddable":true,"href":"https:\/\/www.pbastones.com.br\/pt\/wp-json\/wp\/v2\/comments?post=3232"}],"version-history":[{"count":0,"href":"https:\/\/www.pbastones.com.br\/pt\/wp-json\/wp\/v2\/pages\/3232\/revisions"}],"wp:attachment":[{"href":"https:\/\/www.pbastones.com.br\/pt\/wp-json\/wp\/v2\/media?parent=3232"}],"curies":[{"name":"wp","href":"https:\/\/api.w.org\/{rel}","templated":true}]}}